{"id":6179,"date":"2017-03-21T11:26:14","date_gmt":"2017-03-21T10:26:14","guid":{"rendered":"https:\/\/kloster-druebeck.de\/domaenenscheune\/"},"modified":"2021-07-27T14:10:50","modified_gmt":"2021-07-27T12:10:50","slug":"domaenenscheune","status":"publish","type":"page","link":"https:\/\/kloster-druebeck.de\/en\/domaenenscheune\/","title":{"rendered":"Dom\u00e4nenscheune"},"content":{"rendered":"<h1>Dom\u00e4nenscheune | Kloster Dr\u00fcbeck<\/h1>\n<h2>Spending the night in the Dom\u00e4nenscheune<\/h2>\n<p>The former farm buildings of the estate of Dr\u00fcbeck Abbey were removed from the abbey ownership for a long time &#8211; until around the mid-1990s &#8211; and were not accessible to the public, partly abandoned and left to their own devices.<\/p>\n<p>It was not until the Protestant Church successfully step-by-step reacquired the land with the so-called &#8220;small barn&#8221;, the &#8220;big barn&#8221; and the &#8220;stable&#8221; that the structural ensemble of the buildings standing next to each other could be experienced and made accessible again, and developed in the context of the abbey as a whole.<\/p>\n<p><strong>Capacity:<\/strong> 6 double rooms and 19 single rooms, <strong>facilities:<\/strong> shower, WC, telephone, WIFI, TV<\/p>\n<div id=\"attachment_2595\" style=\"width: 886px\" class=\"wp-caption alignnone\"><img loading=\"lazy\" decoding=\"async\" aria-describedby=\"caption-attachment-2595\" class=\"wp-image-2595 size-full\" src=\"http:\/\/kloster-druebeck.de\/wp-content\/uploads\/2017\/03\/Dom\u00e4nenscheune-au\u00dfen.jpg\" alt=\"Dom\u00e4nenscheune, Kloster Dr\u00fcbeck\" width=\"876\" height=\"365\" \/><p id=\"caption-attachment-2595\" class=\"wp-caption-text\">Dom\u00e4nenscheune, exterior view<\/p><\/div>\n<\/p><div class=\"threesomes\"><\/div><p>\n","protected":false},"excerpt":{"rendered":"<p>The former farm buildings of the estate of Dr\u00fcbeck Abbey were removed from the abbey ownership for a long time &#8211; until around the mid-1990s &#8211; and were not accessible to the public, partly abandoned and left to their own devices. It was not until the Protestant Church successfully step-by-step reacquired the land with the [&#8230;]<\/p>\n","protected":false},"author":15,"featured_media":0,"parent":0,"menu_order":0,"comment_status":"closed","ping_status":"closed","template":"","meta":{"_acf_changed":false,"inline_featured_image":false,"footnotes":""},"class_list":["post-6179","page","type-page","status-publish","hentry"],"acf":[],"yoast_head":"<!-- This site is optimized with the Yoast SEO plugin v27.4 - https:\/\/yoast.com\/product\/yoast-seo-wordpress\/ -->\n<title>Tagungsr\u00e4ume in der Dom\u00e4nenscheune | Kloster Dr\u00fcbeck im Harz<\/title>\n<meta name=\"description\" content=\"Sie suchen einen Tagungs- oder Konferenzraum im Harz? Dann finden Sie hier die R\u00e4umlichkeiten in der Dom\u00e4nenscheune des Klosters Dr\u00fcbeck.\" \/>\n<meta name=\"robots\" content=\"index, follow, max-snippet:-1, max-image-preview:large, max-video-preview:-1\" \/>\n<link rel=\"canonical\" href=\"https:\/\/kloster-druebeck.de\/en\/domaenenscheune\/\" \/>\n<meta property=\"og:locale\" content=\"en_US\" \/>\n<meta property=\"og:type\" content=\"article\" \/>\n<meta property=\"og:title\" content=\"Tagungsr\u00e4ume in der Dom\u00e4nenscheune | Kloster Dr\u00fcbeck im Harz\" \/>\n<meta property=\"og:description\" content=\"Sie suchen einen Tagungs- oder Konferenzraum im Harz? Dann finden Sie hier die R\u00e4umlichkeiten in der Dom\u00e4nenscheune des Klosters Dr\u00fcbeck.\" \/>\n<meta property=\"og:url\" content=\"https:\/\/kloster-druebeck.de\/en\/domaenenscheune\/\" \/>\n<meta property=\"og:site_name\" content=\"Kloster Dr\u00fcbeck\" \/>\n<meta property=\"article:modified_time\" content=\"2021-07-27T12:10:50+00:00\" \/>\n<meta property=\"og:image\" content=\"http:\/\/kloster-druebeck.de\/wp-content\/uploads\/2017\/03\/Dom\u00e4nenscheune-au\u00dfen.jpg\" \/>\n<meta name=\"twitter:card\" content=\"summary_large_image\" \/>\n<meta name=\"twitter:label1\" content=\"Est. reading time\" \/>\n\t<meta name=\"twitter:data1\" content=\"1 minute\" \/>\n<script type=\"application\/ld+json\" class=\"yoast-schema-graph\">{\"@context\":\"https:\\\/\\\/schema.org\",\"@graph\":[{\"@type\":\"WebPage\",\"@id\":\"https:\\\/\\\/kloster-druebeck.de\\\/en\\\/domaenenscheune\\\/\",\"url\":\"https:\\\/\\\/kloster-druebeck.de\\\/en\\\/domaenenscheune\\\/\",\"name\":\"Tagungsr\u00e4ume in der Dom\u00e4nenscheune | Kloster Dr\u00fcbeck im Harz\",\"isPartOf\":{\"@id\":\"https:\\\/\\\/kloster-druebeck.de\\\/en\\\/#website\"},\"datePublished\":\"2017-03-21T10:26:14+00:00\",\"dateModified\":\"2021-07-27T12:10:50+00:00\",\"description\":\"Sie suchen einen Tagungs- oder Konferenzraum im Harz? Dann finden Sie hier die R\u00e4umlichkeiten in der Dom\u00e4nenscheune des Klosters Dr\u00fcbeck.\",\"breadcrumb\":{\"@id\":\"https:\\\/\\\/kloster-druebeck.de\\\/en\\\/domaenenscheune\\\/#breadcrumb\"},\"inLanguage\":\"en-US\",\"potentialAction\":[{\"@type\":\"ReadAction\",\"target\":[\"https:\\\/\\\/kloster-druebeck.de\\\/en\\\/domaenenscheune\\\/\"]}]},{\"@type\":\"BreadcrumbList\",\"@id\":\"https:\\\/\\\/kloster-druebeck.de\\\/en\\\/domaenenscheune\\\/#breadcrumb\",\"itemListElement\":[{\"@type\":\"ListItem\",\"position\":1,\"name\":\"Startseite\",\"item\":\"https:\\\/\\\/kloster-druebeck.de\\\/en\\\/\"},{\"@type\":\"ListItem\",\"position\":2,\"name\":\"Dom\u00e4nenscheune\"}]},{\"@type\":\"WebSite\",\"@id\":\"https:\\\/\\\/kloster-druebeck.de\\\/en\\\/#website\",\"url\":\"https:\\\/\\\/kloster-druebeck.de\\\/en\\\/\",\"name\":\"Kloster Dr\u00fcbeck\",\"description\":\"Eine weitere WordPress-Seite\",\"potentialAction\":[{\"@type\":\"SearchAction\",\"target\":{\"@type\":\"EntryPoint\",\"urlTemplate\":\"https:\\\/\\\/kloster-druebeck.de\\\/en\\\/?s={search_term_string}\"},\"query-input\":{\"@type\":\"PropertyValueSpecification\",\"valueRequired\":true,\"valueName\":\"search_term_string\"}}],\"inLanguage\":\"en-US\"}]}<\/script>\n<!-- \/ Yoast SEO plugin. -->","yoast_head_json":{"title":"Tagungsr\u00e4ume in der Dom\u00e4nenscheune | Kloster Dr\u00fcbeck im Harz","description":"Sie suchen einen Tagungs- oder Konferenzraum im Harz? Dann finden Sie hier die R\u00e4umlichkeiten in der Dom\u00e4nenscheune des Klosters Dr\u00fcbeck.","robots":{"index":"index","follow":"follow","max-snippet":"max-snippet:-1","max-image-preview":"max-image-preview:large","max-video-preview":"max-video-preview:-1"},"canonical":"https:\/\/kloster-druebeck.de\/en\/domaenenscheune\/","og_locale":"en_US","og_type":"article","og_title":"Tagungsr\u00e4ume in der Dom\u00e4nenscheune | Kloster Dr\u00fcbeck im Harz","og_description":"Sie suchen einen Tagungs- oder Konferenzraum im Harz? Dann finden Sie hier die R\u00e4umlichkeiten in der Dom\u00e4nenscheune des Klosters Dr\u00fcbeck.","og_url":"https:\/\/kloster-druebeck.de\/en\/domaenenscheune\/","og_site_name":"Kloster Dr\u00fcbeck","article_modified_time":"2021-07-27T12:10:50+00:00","og_image":[{"url":"http:\/\/kloster-druebeck.de\/wp-content\/uploads\/2017\/03\/Dom\u00e4nenscheune-au\u00dfen.jpg","type":"","width":"","height":""}],"twitter_card":"summary_large_image","twitter_misc":{"Est. reading time":"1 minute"},"schema":{"@context":"https:\/\/schema.org","@graph":[{"@type":"WebPage","@id":"https:\/\/kloster-druebeck.de\/en\/domaenenscheune\/","url":"https:\/\/kloster-druebeck.de\/en\/domaenenscheune\/","name":"Tagungsr\u00e4ume in der Dom\u00e4nenscheune | Kloster Dr\u00fcbeck im Harz","isPartOf":{"@id":"https:\/\/kloster-druebeck.de\/en\/#website"},"datePublished":"2017-03-21T10:26:14+00:00","dateModified":"2021-07-27T12:10:50+00:00","description":"Sie suchen einen Tagungs- oder Konferenzraum im Harz? Dann finden Sie hier die R\u00e4umlichkeiten in der Dom\u00e4nenscheune des Klosters Dr\u00fcbeck.","breadcrumb":{"@id":"https:\/\/kloster-druebeck.de\/en\/domaenenscheune\/#breadcrumb"},"inLanguage":"en-US","potentialAction":[{"@type":"ReadAction","target":["https:\/\/kloster-druebeck.de\/en\/domaenenscheune\/"]}]},{"@type":"BreadcrumbList","@id":"https:\/\/kloster-druebeck.de\/en\/domaenenscheune\/#breadcrumb","itemListElement":[{"@type":"ListItem","position":1,"name":"Startseite","item":"https:\/\/kloster-druebeck.de\/en\/"},{"@type":"ListItem","position":2,"name":"Dom\u00e4nenscheune"}]},{"@type":"WebSite","@id":"https:\/\/kloster-druebeck.de\/en\/#website","url":"https:\/\/kloster-druebeck.de\/en\/","name":"Kloster Dr\u00fcbeck","description":"Eine weitere WordPress-Seite","potentialAction":[{"@type":"SearchAction","target":{"@type":"EntryPoint","urlTemplate":"https:\/\/kloster-druebeck.de\/en\/?s={search_term_string}"},"query-input":{"@type":"PropertyValueSpecification","valueRequired":true,"valueName":"search_term_string"}}],"inLanguage":"en-US"}]}},"_links":{"self":[{"href":"https:\/\/kloster-druebeck.de\/en\/wp-json\/wp\/v2\/pages\/6179","targetHints":{"allow":["GET"]}}],"collection":[{"href":"https:\/\/kloster-druebeck.de\/en\/wp-json\/wp\/v2\/pages"}],"about":[{"href":"https:\/\/kloster-druebeck.de\/en\/wp-json\/wp\/v2\/types\/page"}],"author":[{"embeddable":true,"href":"https:\/\/kloster-druebeck.de\/en\/wp-json\/wp\/v2\/users\/15"}],"replies":[{"embeddable":true,"href":"https:\/\/kloster-druebeck.de\/en\/wp-json\/wp\/v2\/comments?post=6179"}],"version-history":[{"count":2,"href":"https:\/\/kloster-druebeck.de\/en\/wp-json\/wp\/v2\/pages\/6179\/revisions"}],"predecessor-version":[{"id":6181,"href":"https:\/\/kloster-druebeck.de\/en\/wp-json\/wp\/v2\/pages\/6179\/revisions\/6181"}],"wp:attachment":[{"href":"https:\/\/kloster-druebeck.de\/en\/wp-json\/wp\/v2\/media?parent=6179"}],"curies":[{"name":"wp","href":"https:\/\/api.w.org\/{rel}","templated":true}]}}