{"id":6984,"date":"2022-07-20T14:19:38","date_gmt":"2022-07-20T12:19:38","guid":{"rendered":"https:\/\/kloster-druebeck.de\/?page_id=6984"},"modified":"2022-07-21T12:36:16","modified_gmt":"2022-07-21T10:36:16","slug":"our-image-film","status":"publish","type":"page","link":"https:\/\/kloster-druebeck.de\/en\/our-image-film\/","title":{"rendered":"Our image film"},"content":{"rendered":"<h2>Our image film<\/h2>\n<p>Kloster Dr\u00fcbeck with the highest regardIn the monastery of Dr\u00fcbeck, acquaintances become friendships, interest becomes a partnership &#8211; you don&#8217;t leave Kloster Dr\u00fcbeck without carrying a small part of the monastery with you in your soul. But please take a look for yourself&#8230;<\/p>\n<div style=\"width: 1280px;\" class=\"wp-video\"><video class=\"wp-video-shortcode\" id=\"video-6984-1\" width=\"1280\" height=\"720\" preload=\"metadata\" controls=\"controls\"><source type=\"video\/mp4\" src=\"http:\/\/kloster-druebeck.de\/wp-content\/uploads\/2018\/01\/Kloster-Dr\u00fcbeck-Imagefilm-des-\u00c4btissinnenklosters-im-Harz.mp4?_=1\" \/><a href=\"http:\/\/kloster-druebeck.de\/wp-content\/uploads\/2018\/01\/Kloster-Dr\u00fcbeck-Imagefilm-des-\u00c4btissinnenklosters-im-Harz.mp4\">http:\/\/kloster-druebeck.de\/wp-content\/uploads\/2018\/01\/Kloster-Dr\u00fcbeck-Imagefilm-des-\u00c4btissinnenklosters-im-Harz.mp4<\/a><\/video><\/div>\n<h2><\/h2>\n<hr \/>\n<h2>Map of the monastery complex<\/h2>\n<p>To help you find your way around, you can download our map of the monastery complex\u00a0<a href=\"https:\/\/kloster-druebeck.de\/wp-content\/uploads\/2020\/08\/KD-Wegeplan-a4-2020.pdf\">here (PDF)<\/a>.<\/p>\n<hr \/>\n<h2>The founding of the monastery and today\u2019s function<\/h2>\n<p>The earliest mention of Kloster Dr\u00fcbeck goes back to a document from Emperor Otto I, who donated land to the monastery in 960. The best way to get to know the interesting history of the monastery is to join a guided tour of the grounds and through the Romanesque church.Nowadays the monastery of Dr\u00fcbeck understands itself as a place of reflection, education and encounters in the tradition of the Benedictine nuns and the former Protestant women&#8217;s convent. The diverse spiritual life in combination with inviting hospitality finds its way into the careful building and garden concepts. Particular value is placed on fair and attentive collegiality in connection with ecologically conscious action. Finally, it should be emphasized that the monastery and its employees live and work in the spirit of Jesus Christ.The Evangelisches Zentrum Kloster Dr\u00fcbeck is today a conference center of the Evangelical Church in Central Germany with the following associated institutes:<\/p>\n<ul>\n<li><a href=\"http:\/\/pti.ekmd-online.de\/portal\/start\/\">P\u00e4dagogisch-Theologisches Institut der EKM<\/a><\/li>\n<li><a href=\"http:\/\/hds.kloster-druebeck.de\/hds\/index.php\">Haus der Stille<\/a><\/li>\n<li><a href=\"http:\/\/pk.kloster-druebeck.de\/pk\/index.php\">Pastoralkolleg<\/a><\/li>\n<li><a href=\"http:\/\/www.medienzentrum-ekm.de\/\">Medienzentrum der EKM<\/a><\/li>\n<\/ul>\n<p>&nbsp;<\/p>\n","protected":false},"excerpt":{"rendered":"<p>Kloster Dr\u00fcbeck with the highest regardIn the monastery of Dr\u00fcbeck, acquaintances become friendships, interest becomes a partnership &#8211; you don&#8217;t leave Kloster Dr\u00fcbeck without carrying a small part of the monastery with you in your soul. But please take a look for yourself&#8230; To help you find your way around, you can download our map [&#8230;]<\/p>\n","protected":false},"author":10,"featured_media":0,"parent":0,"menu_order":0,"comment_status":"closed","ping_status":"closed","template":"","meta":{"_acf_changed":false,"inline_featured_image":false,"footnotes":""},"class_list":["post-6984","page","type-page","status-publish","hentry"],"acf":[],"yoast_head":"<!-- This site is optimized with the Yoast SEO plugin v27.3 - https:\/\/yoast.com\/product\/yoast-seo-wordpress\/ -->\n<title>Our image film - Kloster Dr\u00fcbeck<\/title>\n<meta name=\"robots\" content=\"index, follow, max-snippet:-1, max-image-preview:large, max-video-preview:-1\" \/>\n<link rel=\"canonical\" href=\"https:\/\/kloster-druebeck.de\/en\/our-image-film\/\" \/>\n<meta property=\"og:locale\" content=\"en_US\" \/>\n<meta property=\"og:type\" content=\"article\" \/>\n<meta property=\"og:title\" content=\"Our image film - Kloster Dr\u00fcbeck\" \/>\n<meta property=\"og:description\" content=\"Kloster Dr\u00fcbeck with the highest regardIn the monastery of Dr\u00fcbeck, acquaintances become friendships, interest becomes a partnership &#8211; you don&#8217;t leave Kloster Dr\u00fcbeck without carrying a small part of the monastery with you in your soul. But please take a look for yourself&#8230; To help you find your way around, you can download our map [...]\" \/>\n<meta property=\"og:url\" content=\"https:\/\/kloster-druebeck.de\/en\/our-image-film\/\" \/>\n<meta property=\"og:site_name\" content=\"Kloster Dr\u00fcbeck\" \/>\n<meta property=\"article:modified_time\" content=\"2022-07-21T10:36:16+00:00\" \/>\n<meta name=\"twitter:card\" content=\"summary_large_image\" \/>\n<meta name=\"twitter:label1\" content=\"Est. reading time\" \/>\n\t<meta name=\"twitter:data1\" content=\"2 minutes\" \/>\n<script type=\"application\/ld+json\" class=\"yoast-schema-graph\">{\"@context\":\"https:\\\/\\\/schema.org\",\"@graph\":[{\"@type\":\"WebPage\",\"@id\":\"https:\\\/\\\/kloster-druebeck.de\\\/en\\\/our-image-film\\\/\",\"url\":\"https:\\\/\\\/kloster-druebeck.de\\\/en\\\/our-image-film\\\/\",\"name\":\"Our image film - Kloster Dr\u00fcbeck\",\"isPartOf\":{\"@id\":\"https:\\\/\\\/kloster-druebeck.de\\\/en\\\/#website\"},\"datePublished\":\"2022-07-20T12:19:38+00:00\",\"dateModified\":\"2022-07-21T10:36:16+00:00\",\"breadcrumb\":{\"@id\":\"https:\\\/\\\/kloster-druebeck.de\\\/en\\\/our-image-film\\\/#breadcrumb\"},\"inLanguage\":\"en-US\",\"potentialAction\":[{\"@type\":\"ReadAction\",\"target\":[\"https:\\\/\\\/kloster-druebeck.de\\\/en\\\/our-image-film\\\/\"]}]},{\"@type\":\"BreadcrumbList\",\"@id\":\"https:\\\/\\\/kloster-druebeck.de\\\/en\\\/our-image-film\\\/#breadcrumb\",\"itemListElement\":[{\"@type\":\"ListItem\",\"position\":1,\"name\":\"Startseite\",\"item\":\"https:\\\/\\\/kloster-druebeck.de\\\/en\\\/\"},{\"@type\":\"ListItem\",\"position\":2,\"name\":\"Our image film\"}]},{\"@type\":\"WebSite\",\"@id\":\"https:\\\/\\\/kloster-druebeck.de\\\/en\\\/#website\",\"url\":\"https:\\\/\\\/kloster-druebeck.de\\\/en\\\/\",\"name\":\"Kloster Dr\u00fcbeck\",\"description\":\"Eine weitere WordPress-Seite\",\"potentialAction\":[{\"@type\":\"SearchAction\",\"target\":{\"@type\":\"EntryPoint\",\"urlTemplate\":\"https:\\\/\\\/kloster-druebeck.de\\\/en\\\/?s={search_term_string}\"},\"query-input\":{\"@type\":\"PropertyValueSpecification\",\"valueRequired\":true,\"valueName\":\"search_term_string\"}}],\"inLanguage\":\"en-US\"}]}<\/script>\n<!-- \/ Yoast SEO plugin. -->","yoast_head_json":{"title":"Our image film - Kloster Dr\u00fcbeck","robots":{"index":"index","follow":"follow","max-snippet":"max-snippet:-1","max-image-preview":"max-image-preview:large","max-video-preview":"max-video-preview:-1"},"canonical":"https:\/\/kloster-druebeck.de\/en\/our-image-film\/","og_locale":"en_US","og_type":"article","og_title":"Our image film - Kloster Dr\u00fcbeck","og_description":"Kloster Dr\u00fcbeck with the highest regardIn the monastery of Dr\u00fcbeck, acquaintances become friendships, interest becomes a partnership &#8211; you don&#8217;t leave Kloster Dr\u00fcbeck without carrying a small part of the monastery with you in your soul. But please take a look for yourself&#8230; To help you find your way around, you can download our map [...]","og_url":"https:\/\/kloster-druebeck.de\/en\/our-image-film\/","og_site_name":"Kloster Dr\u00fcbeck","article_modified_time":"2022-07-21T10:36:16+00:00","twitter_card":"summary_large_image","twitter_misc":{"Est. reading time":"2 minutes"},"schema":{"@context":"https:\/\/schema.org","@graph":[{"@type":"WebPage","@id":"https:\/\/kloster-druebeck.de\/en\/our-image-film\/","url":"https:\/\/kloster-druebeck.de\/en\/our-image-film\/","name":"Our image film - Kloster Dr\u00fcbeck","isPartOf":{"@id":"https:\/\/kloster-druebeck.de\/en\/#website"},"datePublished":"2022-07-20T12:19:38+00:00","dateModified":"2022-07-21T10:36:16+00:00","breadcrumb":{"@id":"https:\/\/kloster-druebeck.de\/en\/our-image-film\/#breadcrumb"},"inLanguage":"en-US","potentialAction":[{"@type":"ReadAction","target":["https:\/\/kloster-druebeck.de\/en\/our-image-film\/"]}]},{"@type":"BreadcrumbList","@id":"https:\/\/kloster-druebeck.de\/en\/our-image-film\/#breadcrumb","itemListElement":[{"@type":"ListItem","position":1,"name":"Startseite","item":"https:\/\/kloster-druebeck.de\/en\/"},{"@type":"ListItem","position":2,"name":"Our image film"}]},{"@type":"WebSite","@id":"https:\/\/kloster-druebeck.de\/en\/#website","url":"https:\/\/kloster-druebeck.de\/en\/","name":"Kloster Dr\u00fcbeck","description":"Eine weitere WordPress-Seite","potentialAction":[{"@type":"SearchAction","target":{"@type":"EntryPoint","urlTemplate":"https:\/\/kloster-druebeck.de\/en\/?s={search_term_string}"},"query-input":{"@type":"PropertyValueSpecification","valueRequired":true,"valueName":"search_term_string"}}],"inLanguage":"en-US"}]}},"_links":{"self":[{"href":"https:\/\/kloster-druebeck.de\/en\/wp-json\/wp\/v2\/pages\/6984","targetHints":{"allow":["GET"]}}],"collection":[{"href":"https:\/\/kloster-druebeck.de\/en\/wp-json\/wp\/v2\/pages"}],"about":[{"href":"https:\/\/kloster-druebeck.de\/en\/wp-json\/wp\/v2\/types\/page"}],"author":[{"embeddable":true,"href":"https:\/\/kloster-druebeck.de\/en\/wp-json\/wp\/v2\/users\/10"}],"replies":[{"embeddable":true,"href":"https:\/\/kloster-druebeck.de\/en\/wp-json\/wp\/v2\/comments?post=6984"}],"version-history":[{"count":7,"href":"https:\/\/kloster-druebeck.de\/en\/wp-json\/wp\/v2\/pages\/6984\/revisions"}],"predecessor-version":[{"id":6999,"href":"https:\/\/kloster-druebeck.de\/en\/wp-json\/wp\/v2\/pages\/6984\/revisions\/6999"}],"wp:attachment":[{"href":"https:\/\/kloster-druebeck.de\/en\/wp-json\/wp\/v2\/media?parent=6984"}],"curies":[{"name":"wp","href":"https:\/\/api.w.org\/{rel}","templated":true}]}}