{"id":976,"date":"2016-05-11T11:10:48","date_gmt":"2016-05-11T09:10:48","guid":{"rendered":"http:\/\/erfurt.kloster-druebeck.de\/en\/start\/"},"modified":"2022-07-21T12:39:13","modified_gmt":"2022-07-21T10:39:13","slug":"start","status":"publish","type":"page","link":"https:\/\/kloster-druebeck.de\/en\/","title":{"rendered":"Start"},"content":{"rendered":"<h1>Klosteraufenthalt | \u00dcbernachten | Tagen | Kloster Dr\u00fcbeck | Evangelische H\u00e4user | Harz<\/h1>\n<h2>Welcome to Kloster Dr\u00fcbeck<\/h2>\n<p>Whether you are stopping-by on a hiking tour or staying for a conference, whether you are looking for peace and reflection, simply want to take a holiday or want to celebrate a festive occasion \u2013 with us you will find the ideal conditions in a place where authentic hospitality, spiritual architecture and magnificent garden art all come together.<\/p>\n    \r\n        <!--  Kacheln - start  -->\r\n    \r\n        <div class=\"promo\">\r\n            <div class=\"promo_in\">\r\n                                        <div class=\"usp-element\">\r\n\r\n                            <div title=\"Accommodations\" data-href=\"\/en\/accommodations\/\" class=\"none lg:inline-block p11 usp1\" style=\"background-image:url(https:\/\/kloster-druebeck.de\/wp-content\/uploads\/2016\/05\/Nr2.jpg);\"><\/div>\r\n\r\n                            <img decoding=\"async\" src=\"https:\/\/kloster-druebeck.de\/wp-content\/uploads\/2016\/05\/Nr2.jpg\" class=\"block lg:none w-full\" \/>\r\n\r\n                            <div data-href=\"\/en\/accommodations\/\" class=\"p33\">\r\n                                <p class=\"headline\">Accommodations<\/p>\r\n                                <p>Our guesthouses offer you various types of accommodation opportunities for group travelers as well as individual guests in a calm and cordial atmosphere.<\/p>\n                                <a title=\"\" href=\"\/en\/accommodations\/\">more information<\/a>\r\n                            <\/div>\r\n                        <\/div>\r\n                                            <div class=\"usp-element\">\r\n\r\n                            <div title=\"Meetings & festivities\" data-href=\"\/en\/meetings-festivities\/\" class=\"none lg:inline-block p11 usp1\" style=\"background-image:url(https:\/\/kloster-druebeck.de\/wp-content\/uploads\/2016\/05\/Nr3.jpg);\"><\/div>\r\n\r\n                            <img decoding=\"async\" src=\"https:\/\/kloster-druebeck.de\/wp-content\/uploads\/2016\/05\/Nr3.jpg\" class=\"block lg:none w-full\" \/>\r\n\r\n                            <div data-href=\"\/en\/meetings-festivities\/\" class=\"p33\">\r\n                                <p class=\"headline\">Meetings & festivities<\/p>\r\n                                <p>For your meeting, celebration or wedding, in addition to our unique facilities, take advantage of a wide range of services to ensure everything runs smoothly.<\/p>\n                                <a title=\"\" href=\"\/en\/meetings-festivities\/\">more information<\/a>\r\n                            <\/div>\r\n                        <\/div>\r\n                                            <div class=\"usp-element\">\r\n\r\n                            <div title=\"Our monastery\" data-href=\"\/en\/our-image-film\/\" class=\"none lg:inline-block p11 usp1\" style=\"background-image:url(https:\/\/kloster-druebeck.de\/wp-content\/uploads\/2016\/05\/Nr.4.jpg);\"><\/div>\r\n\r\n                            <img decoding=\"async\" src=\"https:\/\/kloster-druebeck.de\/wp-content\/uploads\/2016\/05\/Nr.4.jpg\" class=\"block lg:none w-full\" \/>\r\n\r\n                            <div data-href=\"\/en\/our-image-film\/\" class=\"p33\">\r\n                                <p class=\"headline\">Our monastery<\/p>\r\n                                <p>Discover the secrets of monastic life, which our monastery has held for many centuries. Go in search of clues within our ancient walls.<\/p>\n                                <a title=\"\" href=\"\/en\/our-image-film\/\">more information<\/a>\r\n                            <\/div>\r\n                        <\/div>\r\n                                            <div class=\"usp-element\">\r\n\r\n                            <div title=\"Directions\" data-href=\"\/en\/directions\/\" class=\"none lg:inline-block p11 usp1\" style=\"background-image:url(https:\/\/kloster-druebeck.de\/wp-content\/uploads\/2016\/05\/Nr9.jpg);\"><\/div>\r\n\r\n                            <img decoding=\"async\" src=\"https:\/\/kloster-druebeck.de\/wp-content\/uploads\/2016\/05\/Nr9.jpg\" class=\"block lg:none w-full\" \/>\r\n\r\n                            <div data-href=\"\/en\/directions\/\" class=\"p33\">\r\n                                <p class=\"headline\">Directions<\/p>\r\n                                <p>In the immediate vicinity of the Harz National Park, our monastery is centrally located and easily accessible in the foothills of the Harz Mountains.<\/p>\n                                <a title=\"\" href=\"\/en\/directions\/\">more information<\/a>\r\n                            <\/div>\r\n                        <\/div>\r\n                        \r\n            <\/div>\r\n        <\/div>\r\n    \r\n    \r\n        <!-- Kacheln - End -->\r\n    \r\n        \n","protected":false},"excerpt":{"rendered":"<p>Whether you are stopping-by on a hiking tour or staying for a conference, whether you are looking for peace and reflection, simply want to take a holiday or want to celebrate a festive occasion \u2013 with us you will find the ideal conditions in a place where authentic hospitality, spiritual architecture and magnificent garden art [&#8230;]<\/p>\n","protected":false},"author":15,"featured_media":0,"parent":0,"menu_order":0,"comment_status":"closed","ping_status":"closed","template":"","meta":{"_acf_changed":false,"inline_featured_image":false,"footnotes":""},"class_list":["post-976","page","type-page","status-publish","hentry"],"acf":[],"yoast_head":"<!-- This site is optimized with the Yoast SEO plugin v27.6 - https:\/\/yoast.com\/product\/yoast-seo-wordpress\/ -->\n<title>Evangelical Centre Kloster Dr\u00fcbeck<\/title>\n<meta name=\"robots\" content=\"index, follow, max-snippet:-1, max-image-preview:large, max-video-preview:-1\" \/>\n<link rel=\"canonical\" href=\"https:\/\/kloster-druebeck.de\/en\/\" \/>\n<meta property=\"og:locale\" content=\"en_US\" \/>\n<meta property=\"og:type\" content=\"article\" \/>\n<meta property=\"og:title\" content=\"Evangelical Centre Kloster Dr\u00fcbeck\" \/>\n<meta property=\"og:description\" content=\"Whether you are stopping-by on a hiking tour or staying for a conference, whether you are looking for peace and reflection, simply want to take a holiday or want to celebrate a festive occasion \u2013 with us you will find the ideal conditions in a place where authentic hospitality, spiritual architecture and magnificent garden art [...]\" \/>\n<meta property=\"og:url\" content=\"https:\/\/kloster-druebeck.de\/en\/\" \/>\n<meta property=\"og:site_name\" content=\"Kloster Dr\u00fcbeck\" \/>\n<meta property=\"article:modified_time\" content=\"2022-07-21T10:39:13+00:00\" \/>\n<meta name=\"twitter:card\" content=\"summary_large_image\" \/>\n<meta name=\"twitter:label1\" content=\"Est. reading time\" \/>\n\t<meta name=\"twitter:data1\" content=\"1 minute\" \/>\n<script type=\"application\/ld+json\" class=\"yoast-schema-graph\">{\"@context\":\"https:\\\/\\\/schema.org\",\"@graph\":[{\"@type\":\"WebPage\",\"@id\":\"https:\\\/\\\/kloster-druebeck.de\\\/en\\\/\",\"url\":\"https:\\\/\\\/kloster-druebeck.de\\\/en\\\/\",\"name\":\"Evangelical Centre Kloster Dr\u00fcbeck\",\"isPartOf\":{\"@id\":\"https:\\\/\\\/kloster-druebeck.de\\\/en\\\/#website\"},\"datePublished\":\"2016-05-11T09:10:48+00:00\",\"dateModified\":\"2022-07-21T10:39:13+00:00\",\"breadcrumb\":{\"@id\":\"https:\\\/\\\/kloster-druebeck.de\\\/en\\\/#breadcrumb\"},\"inLanguage\":\"en-US\",\"potentialAction\":[{\"@type\":\"ReadAction\",\"target\":[\"https:\\\/\\\/kloster-druebeck.de\\\/en\\\/\"]}]},{\"@type\":\"BreadcrumbList\",\"@id\":\"https:\\\/\\\/kloster-druebeck.de\\\/en\\\/#breadcrumb\",\"itemListElement\":[{\"@type\":\"ListItem\",\"position\":1,\"name\":\"Startseite\",\"item\":\"https:\\\/\\\/kloster-druebeck.de\\\/en\\\/\"},{\"@type\":\"ListItem\",\"position\":2,\"name\":\"Start\"}]},{\"@type\":\"WebSite\",\"@id\":\"https:\\\/\\\/kloster-druebeck.de\\\/en\\\/#website\",\"url\":\"https:\\\/\\\/kloster-druebeck.de\\\/en\\\/\",\"name\":\"Kloster Dr\u00fcbeck\",\"description\":\"Eine weitere WordPress-Seite\",\"potentialAction\":[{\"@type\":\"SearchAction\",\"target\":{\"@type\":\"EntryPoint\",\"urlTemplate\":\"https:\\\/\\\/kloster-druebeck.de\\\/en\\\/?s={search_term_string}\"},\"query-input\":{\"@type\":\"PropertyValueSpecification\",\"valueRequired\":true,\"valueName\":\"search_term_string\"}}],\"inLanguage\":\"en-US\"}]}<\/script>\n<!-- \/ Yoast SEO plugin. -->","yoast_head_json":{"title":"Evangelical Centre Kloster Dr\u00fcbeck","robots":{"index":"index","follow":"follow","max-snippet":"max-snippet:-1","max-image-preview":"max-image-preview:large","max-video-preview":"max-video-preview:-1"},"canonical":"https:\/\/kloster-druebeck.de\/en\/","og_locale":"en_US","og_type":"article","og_title":"Evangelical Centre Kloster Dr\u00fcbeck","og_description":"Whether you are stopping-by on a hiking tour or staying for a conference, whether you are looking for peace and reflection, simply want to take a holiday or want to celebrate a festive occasion \u2013 with us you will find the ideal conditions in a place where authentic hospitality, spiritual architecture and magnificent garden art [...]","og_url":"https:\/\/kloster-druebeck.de\/en\/","og_site_name":"Kloster Dr\u00fcbeck","article_modified_time":"2022-07-21T10:39:13+00:00","twitter_card":"summary_large_image","twitter_misc":{"Est. reading time":"1 minute"},"schema":{"@context":"https:\/\/schema.org","@graph":[{"@type":"WebPage","@id":"https:\/\/kloster-druebeck.de\/en\/","url":"https:\/\/kloster-druebeck.de\/en\/","name":"Evangelical Centre Kloster Dr\u00fcbeck","isPartOf":{"@id":"https:\/\/kloster-druebeck.de\/en\/#website"},"datePublished":"2016-05-11T09:10:48+00:00","dateModified":"2022-07-21T10:39:13+00:00","breadcrumb":{"@id":"https:\/\/kloster-druebeck.de\/en\/#breadcrumb"},"inLanguage":"en-US","potentialAction":[{"@type":"ReadAction","target":["https:\/\/kloster-druebeck.de\/en\/"]}]},{"@type":"BreadcrumbList","@id":"https:\/\/kloster-druebeck.de\/en\/#breadcrumb","itemListElement":[{"@type":"ListItem","position":1,"name":"Startseite","item":"https:\/\/kloster-druebeck.de\/en\/"},{"@type":"ListItem","position":2,"name":"Start"}]},{"@type":"WebSite","@id":"https:\/\/kloster-druebeck.de\/en\/#website","url":"https:\/\/kloster-druebeck.de\/en\/","name":"Kloster Dr\u00fcbeck","description":"Eine weitere WordPress-Seite","potentialAction":[{"@type":"SearchAction","target":{"@type":"EntryPoint","urlTemplate":"https:\/\/kloster-druebeck.de\/en\/?s={search_term_string}"},"query-input":{"@type":"PropertyValueSpecification","valueRequired":true,"valueName":"search_term_string"}}],"inLanguage":"en-US"}]}},"_links":{"self":[{"href":"https:\/\/kloster-druebeck.de\/en\/wp-json\/wp\/v2\/pages\/976","targetHints":{"allow":["GET"]}}],"collection":[{"href":"https:\/\/kloster-druebeck.de\/en\/wp-json\/wp\/v2\/pages"}],"about":[{"href":"https:\/\/kloster-druebeck.de\/en\/wp-json\/wp\/v2\/types\/page"}],"author":[{"embeddable":true,"href":"https:\/\/kloster-druebeck.de\/en\/wp-json\/wp\/v2\/users\/15"}],"replies":[{"embeddable":true,"href":"https:\/\/kloster-druebeck.de\/en\/wp-json\/wp\/v2\/comments?post=976"}],"version-history":[{"count":28,"href":"https:\/\/kloster-druebeck.de\/en\/wp-json\/wp\/v2\/pages\/976\/revisions"}],"predecessor-version":[{"id":7001,"href":"https:\/\/kloster-druebeck.de\/en\/wp-json\/wp\/v2\/pages\/976\/revisions\/7001"}],"wp:attachment":[{"href":"https:\/\/kloster-druebeck.de\/en\/wp-json\/wp\/v2\/media?parent=976"}],"curies":[{"name":"wp","href":"https:\/\/api.w.org\/{rel}","templated":true}]}}